{"id":3,"date":"2026-02-27T10:21:35","date_gmt":"2026-02-27T10:21:35","guid":{"rendered":"http:\/\/tempogeo.org\/?page_id=3"},"modified":"2026-04-08T22:16:02","modified_gmt":"2026-04-08T22:16:02","slug":"privacy-policy","status":"publish","type":"page","link":"https:\/\/tempogeo.org\/?page_id=3","title":{"rendered":"Nous contacter"},"content":{"rendered":"\n<p>Ceci est un site minimaliste. D\u00e9sol\u00e9, en l&rsquo;\u00e9tat nous n&rsquo;avons pas le temps de publier sur Internet. Contactez nous directement :<\/p>\n\n\n\n<p><a href=\"https:\/\/data.inpi.fr\/entreprises\/993445212?q=tempogeo#993445212\">TempoG\u00e9o entreprise individuelle<\/a><\/p>\n\n\n\n<p>19, rue de la Reynie 75004 Paris<\/p>\n\n\n\n<p><a href=\"mailto:contact@tempogeo.org\">Email : contact@tempogeo.org<\/a><\/p>\n\n\n\n<p>Tel : 06 73 99 86 33<\/p>\n\n\n\n<p>SIRET 99344521200034<\/p>\n\n\n\n<p>n\u00b0 de TVA intracommunautaire FR 75993445212<\/p>\n\n\n\n<figure class=\"wp-block-image size-large is-resized\"><img loading=\"lazy\" decoding=\"async\" width=\"1024\" height=\"925\" src=\"https:\/\/tempogeo.org\/wp-content\/uploads\/2026\/04\/Logo_TempoGeo_TerreVertFondTransparent-1024x925.png\" alt=\"\" class=\"wp-image-14\" style=\"aspect-ratio:1.1070307094576615;width:300px;height:auto\" srcset=\"https:\/\/tempogeo.org\/wp-content\/uploads\/2026\/04\/Logo_TempoGeo_TerreVertFondTransparent-1024x925.png 1024w, https:\/\/tempogeo.org\/wp-content\/uploads\/2026\/04\/Logo_TempoGeo_TerreVertFondTransparent-300x271.png 300w, https:\/\/tempogeo.org\/wp-content\/uploads\/2026\/04\/Logo_TempoGeo_TerreVertFondTransparent-768x693.png 768w, https:\/\/tempogeo.org\/wp-content\/uploads\/2026\/04\/Logo_TempoGeo_TerreVertFondTransparent-1536x1387.png 1536w, https:\/\/tempogeo.org\/wp-content\/uploads\/2026\/04\/Logo_TempoGeo_TerreVertFondTransparent.png 1845w\" sizes=\"auto, (max-width: 1024px) 100vw, 1024px\" \/><\/figure>\n","protected":false},"excerpt":{"rendered":"<p>Ceci est un site minimaliste. D\u00e9sol\u00e9, en l&rsquo;\u00e9tat nous n&rsquo;avons pas le temps de publier sur Internet. Contactez nous directement : TempoG\u00e9o entreprise individuelle 19, rue de la Reynie 75004 Paris Email : contact@tempogeo.org Tel : 06 73 99 86 33 SIRET 99344521200034 n\u00b0 de TVA intracommunautaire FR 75993445212<\/p>\n","protected":false},"author":1,"featured_media":0,"parent":0,"menu_order":0,"comment_status":"closed","ping_status":"open","template":"","meta":{"footnotes":""},"class_list":["post-3","page","type-page","status-publish","hentry"],"_links":{"self":[{"href":"https:\/\/tempogeo.org\/index.php?rest_route=\/wp\/v2\/pages\/3","targetHints":{"allow":["GET"]}}],"collection":[{"href":"https:\/\/tempogeo.org\/index.php?rest_route=\/wp\/v2\/pages"}],"about":[{"href":"https:\/\/tempogeo.org\/index.php?rest_route=\/wp\/v2\/types\/page"}],"author":[{"embeddable":true,"href":"https:\/\/tempogeo.org\/index.php?rest_route=\/wp\/v2\/users\/1"}],"replies":[{"embeddable":true,"href":"https:\/\/tempogeo.org\/index.php?rest_route=%2Fwp%2Fv2%2Fcomments&post=3"}],"version-history":[{"count":4,"href":"https:\/\/tempogeo.org\/index.php?rest_route=\/wp\/v2\/pages\/3\/revisions"}],"predecessor-version":[{"id":45,"href":"https:\/\/tempogeo.org\/index.php?rest_route=\/wp\/v2\/pages\/3\/revisions\/45"}],"wp:attachment":[{"href":"https:\/\/tempogeo.org\/index.php?rest_route=%2Fwp%2Fv2%2Fmedia&parent=3"}],"curies":[{"name":"wp","href":"https:\/\/api.w.org\/{rel}","templated":true}]}}