{"id":2,"date":"2026-02-27T10:21:35","date_gmt":"2026-02-27T10:21:35","guid":{"rendered":"http:\/\/tempogeo.org\/?page_id=2"},"modified":"2026-04-09T12:56:14","modified_gmt":"2026-04-09T12:56:14","slug":"sample-page","status":"publish","type":"page","link":"https:\/\/tempogeo.org\/","title":{"rendered":"\u00ab Entretien \u00bb"},"content":{"rendered":"\n<p class=\"has-text-align-center\"><em>O\u00f9 Paul Archambault, le fondateur, se pose ses propres questions<\/em> (<em>Lecture 3 mn)<\/em>.<\/p>\n\n\n\n<p class=\"has-text-align-center has-small-font-size\"><\/p>\n\n\n\n<p class=\"has-large-font-size\"><strong>Que fait TempoG\u00e9o ?<\/strong><\/p>\n\n\n\n<p class=\"has-medium-font-size\">TempoG\u00e9o mod\u00e9lise et produit de l\u2019information micro-localis\u00e9e pour des acteurs qui g\u00e8rent des r\u00e9seaux denses sur le territoire : distribution, transport, logistique, r\u00e9seaux de concession ou infrastructures (t\u00e9l\u00e9coms, \u00e9nergie, eau, etc.).<\/p>\n\n\n\n<p class=\"has-medium-font-size\">L\u2019objectif : comprendre tr\u00e8s finement le territoire, \u00e0 l\u2019\u00e9chelle de l\u2019adresse, du b\u00e2timent, de l\u2019\u00eelot ou du quartier, pour optimiser les strat\u00e9gies de d\u00e9ploiement, de maintenance ou de distribution.<\/p>\n\n\n\n<p class=\"is-style-default has-medium-font-size\">Nos prestations s\u2019adressent aux administrateurs SIG, charg\u00e9s d\u2019\u00e9tudes,data scientists et d\u00e9veloppeurs d\u2019applications cartographiques. Elles permettent de mettre en ad\u00e9quation tr\u00e8s pr\u00e9cise l\u2019offre d\u2019infrastructure avec la demande r\u00e9elle, et d\u2019\u00e9clairer \u00e0 la fois les obligations r\u00e9glementaires et les d\u00e9cisions d\u2019investissement.<\/p>\n\n\n\n<p class=\"has-medium-font-size\">TempoG\u00e9o intervient aujourd\u2019hui aupr\u00e8s de grands r\u00e9seaux : op\u00e9rateurs t\u00e9l\u00e9com (couverture 5G et fibre), La Poste (17 000 points de contact), r\u00e9seaux bancaires (bases g\u00e9omarketing).<\/p>\n\n\n\n<p class=\"has-large-font-size\"><strong>Concr\u00e8tement, cela se traduit comment ?<\/strong><\/p>\n\n\n\n<p class=\"has-medium-font-size\">TempoG\u00e9o produit \u00ab Population@ \u00bb, une base de donn\u00e9es vectorielle micro-localis\u00e9e de la population fran\u00e7aise. Elle croise plus d\u2019une trentaine de sources de donn\u00e9es de haute pr\u00e9cision afin de constituer un r\u00e9f\u00e9rentiel d\u00e9taill\u00e9 de la population sur ses lieux de r\u00e9sidence et d\u2019activit\u00e9.<\/p>\n\n\n\n<p class=\"has-medium-font-size\">Initi\u00e9e d\u00e8s 2006, elle est le fruit de plus de vingt ann\u00e9es de travaux de g\u00e9odatascience et \u00e9volue en continu vers davantage de contenu, de pr\u00e9cision et de fiabilit\u00e9.<\/p>\n\n\n\n<p class=\"has-medium-font-size\">Ce sont en France 29 millions d\u2019adresses, 51 millions de b\u00e2timents et 94 millions de parcelles finement cartographi\u00e9s et enrichis de nombreuses informations pour d\u00e9crire le contexte r\u00e9sidentiel, d\u2019emploi, d\u2019activit\u00e9 et de commerce au pas de la porte. Nous sommes en capacit\u00e9 de produire des informations similaires pour une partie des pays de l\u2019UE.<\/p>\n\n\n\n<p class=\"has-medium-font-size\">Le couplage de la statistique et de la g\u00e9omatique \u00e9claire des probl\u00e8mes m\u00e9tier via l\u2019apport de donn\u00e9es ou de prestations sp\u00e9cifiques. Quelques exemples : quels bureaux de poste ouvrir apr\u00e8s 19h, quelle est l\u2019exposition au risque d\u2019inondation de mon portefeuille d\u2019assurance habitation, comment optimiser les tourn\u00e9es de collecte d\u2019ordures m\u00e9nag\u00e8res, comment hi\u00e9rarchiser le d\u00e9ploiement de la 5G, quel pas de porte cibler en marketing \u00ab door to door \u00bb, etc.<\/p>\n\n\n\n<p class=\"has-large-font-size\"><strong>O\u00f9 trouves-tu les meilleures informations pour traiter ces sujets ?<\/strong><\/p>\n\n\n\n<p class=\"has-medium-font-size\">L\u2019\u00c9tat fran\u00e7ais excelle dans ce domaine : il met les moyens pour d\u00e9velopper et maintenir un open data de pr\u00e9cision et de qualit\u00e9, avec constance, depuis 10 ans.<\/p>\n\n\n\n<p class=\"has-medium-font-size\">Le syst\u00e8me d\u2019adressage en France, comme dans d\u2019autres pays d\u2019Europe du Sud, est assez compliqu\u00e9 et moins facile \u00e0 exploiter que les syst\u00e8mes anglo-saxons. Et pourtant, la Base Adresse Nationale permet d\u00e9sormais de contourner cet obstacle: elle fait le lien avec le cadastre, l\u2019IGN et les donn\u00e9es locales de l\u2019INSEE, se r\u00e9v\u00e9lant m\u00eame comme un standard pour l\u2019information g\u00e9ographique \u00e0 l\u2019\u00e9chelle de l\u2019UE.<\/p>\n\n\n\n<p class=\"has-large-font-size\"><strong>Et l\u2019IA dans tout cela ?<\/strong><\/p>\n\n\n\n<p class=\"has-medium-font-size\">C\u2019est d\u2019abord un bon coll\u00e8gue de travail \u00ab H24 \u00bb.<br>Sur le c\u0153ur de m\u00e9tier, c\u2019est aussi un bon auxiliaire pour la veille des donn\u00e9es, le conseil et le choix de technologies, l\u2019infrastructure IT, et bien s\u00fbr pour la production, traduction et r\u00e9\u00e9criture de code.<\/p>\n\n\n\n<p class=\"has-medium-font-size\">L\u2019IA est tr\u00e8s vite devenue mon meilleur alli\u00e9 pour d\u00e9velopper des process Python, OGR, PostGIS, R, SAS, etc. Quand vous savez ce que vous cherchez \u00e0 faire, l\u2019IA traduit cela imm\u00e9diatement en code, le plus souvent bien \u00e9crit et structur\u00e9. C\u2019est donc un gain de temps tr\u00e8s pr\u00e9cieux, \u00e0 la fois sur les t\u00e2ches routini\u00e8res et les travaux plus exploratoires.<\/p>\n\n\n\n<p class=\"has-medium-font-size\">Un des enjeux de TempoG\u00e9o avec l\u2019IA est de proposer des grands mod\u00e8les de langage (LLM) et des chatbots capables d\u2019int\u00e9grer intelligemment les donn\u00e9es micro-localis\u00e9es que nous produisons. Nous cherchons cependant encore des cas d\u2019usage business int\u00e9ress\u00e9s par ce type d\u2019enrichissement.<\/p>\n\n\n\n<p class=\"has-large-font-size\"><strong>Quel est ton business plan ?<\/strong><\/p>\n\n\n\n<p class=\"has-medium-font-size\">L\u2019entreprise a \u00e9t\u00e9 cr\u00e9\u00e9e d\u00e9but 2026, c\u2019est tr\u00e8s r\u00e9cent.<\/p>\n\n\n\n<p class=\"has-medium-font-size\">L\u2019objectif initial est de convaincre quelques acteurs de remplacer des solutions \u00e9trang\u00e8res par une offre locale, avec meilleure pr\u00e9cision, transparence des m\u00e9thodes, support direct et souverainet\u00e9 des donn\u00e9es.<\/p>\n\n\n\n<p class=\"has-medium-font-size\">Elle propose une offre comp\u00e9titive avec garantie de maintien de la souverainet\u00e9 des comp\u00e9tences de production des donn\u00e9es micro-locales, adoss\u00e9 avec 40 ans de background et d\u2019int\u00e9r\u00eat continu pour la data, dont plus de 20 ans sp\u00e9cialis\u00e9s dans le traitement de donn\u00e9es g\u00e9ographiques.<\/p>\n\n\n\n<p class=\"has-medium-font-size\">On estime \u00e0 80% le total des d\u00e9penses li\u00e9es aux logiciels et services cloud \u00e0 usage professionnel en Europe pass\u00e9 aupr\u00e8s d\u2019entreprises am\u00e9ricaines, ce qui repr\u00e9sente un volume de 265 milliards d\u2019euros et 2 Millions d\u2019emplois induits (CIGREF 2025). Lorsque qu\u2019il existe une solution locale plus adapt\u00e9e, il faut \u00ab&nbsp;switcher&nbsp;\u00bb sans h\u00e9siter.<\/p>\n\n\n\n<p class=\"has-large-font-size\"><strong>Et apr\u00e8s ?<\/strong><\/p>\n\n\n\n<p class=\"has-medium-font-size\">Au-del\u00e0 de 100 k\u20ac de chiffre d\u2019affaires, 20 % sont consacr\u00e9s au soutien d\u2019organisations open data\/source (<a href=\"https:\/\/www.osgeo.org\/\">OSGeo<\/a>, <a href=\"https:\/\/www.openstreetmap.fr\/\">Open Street Map<\/a>, AFIGEO\/CNIG) et \u00e0 l\u2019association <em><a href=\"https:\/\/sites.google.com\/view\/piroguesetbaobabsdankevo\/lassoc\">Pirogues et Baobabs<\/a><\/em> (scolarisation \u00e0 Madagascar).<\/p>\n\n\n\n<p class=\"has-medium-font-size\">Le reste est investi dans l\u2019infrastructure technique, &nbsp;la s\u00e9curisation et la diffusion des donn\u00e9es,le recrutement \u00e0 partir de 2027.<br>En tout \u00e9tat de cause, TempoG\u00e9o s\u2019engage sur une visibilit\u00e9 d\u2019au moins 5 ans \u00e0 tous les clients qui ont la bonne id\u00e9e de lui accorder leur confiance.<\/p>\n\n\n\n<figure class=\"wp-block-image aligncenter size-large is-resized\"><img loading=\"lazy\" decoding=\"async\" width=\"1024\" height=\"925\" src=\"https:\/\/tempogeo.org\/wp-content\/uploads\/2026\/04\/Logo_TempoGeo_TerreVertFondTransparent-1024x925.png\" alt=\"\" class=\"wp-image-14\" style=\"aspect-ratio:1.1070307094576615;width:378px;height:auto\" srcset=\"https:\/\/tempogeo.org\/wp-content\/uploads\/2026\/04\/Logo_TempoGeo_TerreVertFondTransparent-1024x925.png 1024w, https:\/\/tempogeo.org\/wp-content\/uploads\/2026\/04\/Logo_TempoGeo_TerreVertFondTransparent-300x271.png 300w, https:\/\/tempogeo.org\/wp-content\/uploads\/2026\/04\/Logo_TempoGeo_TerreVertFondTransparent-768x693.png 768w, https:\/\/tempogeo.org\/wp-content\/uploads\/2026\/04\/Logo_TempoGeo_TerreVertFondTransparent-1536x1387.png 1536w, https:\/\/tempogeo.org\/wp-content\/uploads\/2026\/04\/Logo_TempoGeo_TerreVertFondTransparent.png 1845w\" sizes=\"auto, (max-width: 1024px) 100vw, 1024px\" \/><\/figure>\n\n\n\n<p><\/p>\n","protected":false},"excerpt":{"rendered":"<p>O\u00f9 Paul Archambault, le fondateur, se pose ses propres questions (Lecture 3 mn). Que fait TempoG\u00e9o ? TempoG\u00e9o mod\u00e9lise et produit de l\u2019information micro-localis\u00e9e pour des acteurs qui g\u00e8rent des r\u00e9seaux denses sur le territoire : distribution, transport, logistique, r\u00e9seaux de concession ou infrastructures (t\u00e9l\u00e9coms, \u00e9nergie, eau, etc.). L\u2019objectif : comprendre tr\u00e8s finement le territoire, [&hellip;]<\/p>\n","protected":false},"author":1,"featured_media":0,"parent":0,"menu_order":0,"comment_status":"closed","ping_status":"open","template":"","meta":{"footnotes":""},"class_list":["post-2","page","type-page","status-publish","hentry"],"_links":{"self":[{"href":"https:\/\/tempogeo.org\/index.php?rest_route=\/wp\/v2\/pages\/2","targetHints":{"allow":["GET"]}}],"collection":[{"href":"https:\/\/tempogeo.org\/index.php?rest_route=\/wp\/v2\/pages"}],"about":[{"href":"https:\/\/tempogeo.org\/index.php?rest_route=\/wp\/v2\/types\/page"}],"author":[{"embeddable":true,"href":"https:\/\/tempogeo.org\/index.php?rest_route=\/wp\/v2\/users\/1"}],"replies":[{"embeddable":true,"href":"https:\/\/tempogeo.org\/index.php?rest_route=%2Fwp%2Fv2%2Fcomments&post=2"}],"version-history":[{"count":13,"href":"https:\/\/tempogeo.org\/index.php?rest_route=\/wp\/v2\/pages\/2\/revisions"}],"predecessor-version":[{"id":57,"href":"https:\/\/tempogeo.org\/index.php?rest_route=\/wp\/v2\/pages\/2\/revisions\/57"}],"wp:attachment":[{"href":"https:\/\/tempogeo.org\/index.php?rest_route=%2Fwp%2Fv2%2Fmedia&parent=2"}],"curies":[{"name":"wp","href":"https:\/\/api.w.org\/{rel}","templated":true}]}}